{"id":2,"date":"2025-08-05T20:45:11","date_gmt":"2025-08-05T17:45:11","guid":{"rendered":"https:\/\/erankucuk.com\/?page_id=2"},"modified":"2025-08-12T16:40:48","modified_gmt":"2025-08-12T13:40:48","slug":"hakkimda","status":"publish","type":"page","link":"https:\/\/erankucuk.com\/index.php\/hakkimda\/","title":{"rendered":"Hakk\u0131mda"},"content":{"rendered":"\n<p>1996 senesinde 0 seviye olarak d\u00fcnya isimli bu devasa \u00e7ok oyunculu sunucuya dahil oldum. Bu \u015fakal\u0131 ba\u015flang\u0131c\u0131 atlatt\u0131ysak devam.<\/p>\n\n\n\n<p>2015 senesinde Marmara \u00dcniversitesi, RTS (Radyo, Sinema ve Televizyon) b\u00f6l\u00fcm\u00fcne girdim. Bu s\u00fcre\u00e7te <a href=\"https:\/\/oyungg.com\">OyunGG<\/a>, <a href=\"https:\/\/savebutonu.com\" data-type=\"link\" data-id=\"https:\/\/savebutonu.com\">SaveButonu<\/a> gibi oyun bas\u0131n\u0131 mecralar\u0131n\u0131n kurucusu olarak oyun medyas\u0131na emek verdim.<\/p>\n\n\n\n<p>Bolca i\u00e7erik, bolca trafikle ge\u00e7en oyun habercili\u011fi kariyerimi, as\u0131l ilgim olan sinema alan\u0131yla da birle\u015ftirmek hedefiyle 11bit Studios ile koordineli bir bi\u00e7imde This War of Mine oyunlar\u0131 i\u00e7in bir k\u0131sa filmi yaz\u0131p\/y\u00f6nettim. Covid-19&#8217;un araya girmesiyle video taraf\u0131nda rand\u0131man\u0131 kaybettim maalesef.<\/p>\n\n\n\n<p>Ancak pandeminin sonlar\u0131 g\u00f6r\u00fcn\u00fcrken Disket Kutusu kanal\u0131nda bir SaveButonu prod\u00fcksiyonu olarak T\u00fcrk Oyun Sekt\u00f6r\u00fc isimli bir belgesel serisi \u00e7ekme f\u0131rsat\u0131n\u0131 yakalad\u0131m. \u00dcreticilerin s\u00fcre\u00e7lerini de tam buralarda g\u00f6zlemleyebildim, dertle\u015febildik.<\/p>\n\n\n\n<h2 class=\"wp-block-heading\">Oyun Pazarlamas\u0131na Nas\u0131l Girdim<\/h2>\n\n\n\n<p>Asl\u0131nda bir pazarlamac\u0131 de\u011filim, daha \u00e7ok medya ve sinema alanlar\u0131nda tecr\u00fcbeliyim. Belgesel finale yakla\u015f\u0131rken Sinan Akkol ve Faruk Ak\u0131nc\u0131&#8217;n\u0131n da teklifleriyle <a href=\"https:\/\/gamedev.ist\" data-type=\"link\" data-id=\"https:\/\/gamedev.ist\">GameDev.ist<\/a> isimli bir ba\u011f\u0131ms\u0131z oyun yay\u0131nc\u0131l\u0131\u011f\u0131 yapt\u0131\u011f\u0131m\u0131z bir yap\u0131n\u0131n kurulu\u015funda yer ald\u0131m. Site a\u00e7\u0131l\u0131\u015f\u0131, kurumsal d\u00fczenlemeler, ilk oyun anla\u015fmalar\u0131 derken pazarlamay\u0131 da y\u00fcr\u00fctmekle sorumlu oldum.<\/p>\n\n\n\n<p>S\u00fcre\u00e7 i\u00e7erisinde sevgili Enis Kirazo\u011flu&#8217;nun da yer ald\u0131\u011f\u0131 Phew Phew Games&#8217;in ilk oyunu <a href=\"https:\/\/store.steampowered.com\/app\/2378620\/Anomaly_Agent\/\">Anomaly Agent<\/a>&#8216;\u0131, yay\u0131nlamam\u0131z\u0131n ard\u0131ndan firmadaki titrim de &#8216;Publishing Manager&#8217; haline geldi. Bug\u00fcn halen tam da buralarday\u0131m. Olur da de\u011fi\u015firse, buralara da dokunurum \ud83d\ude42<\/p>\n","protected":false},"excerpt":{"rendered":"<p>1996 senesinde 0 seviye olarak d\u00fcnya isimli bu devasa \u00e7ok oyunculu sunucuya dahil oldum. Bu \u015fakal\u0131 ba\u015flang\u0131c\u0131 atlatt\u0131ysak devam. 2015 senesinde Marmara \u00dcniversitesi, RTS (Radyo, Sinema ve Televizyon) b\u00f6l\u00fcm\u00fcne girdim. Bu s\u00fcre\u00e7te OyunGG, SaveButonu gibi oyun bas\u0131n\u0131 mecralar\u0131n\u0131n kurucusu olarak oyun medyas\u0131na emek verdim. Bolca i\u00e7erik, bolca trafikle ge\u00e7en oyun habercili\u011fi kariyerimi, as\u0131l ilgim olan [&hellip;]<\/p>\n","protected":false},"author":1,"featured_media":0,"parent":0,"menu_order":0,"comment_status":"closed","ping_status":"closed","template":"","meta":{"footnotes":""},"class_list":["post-2","page","type-page","status-publish","hentry"],"_links":{"self":[{"href":"https:\/\/erankucuk.com\/index.php\/wp-json\/wp\/v2\/pages\/2","targetHints":{"allow":["GET"]}}],"collection":[{"href":"https:\/\/erankucuk.com\/index.php\/wp-json\/wp\/v2\/pages"}],"about":[{"href":"https:\/\/erankucuk.com\/index.php\/wp-json\/wp\/v2\/types\/page"}],"author":[{"embeddable":true,"href":"https:\/\/erankucuk.com\/index.php\/wp-json\/wp\/v2\/users\/1"}],"replies":[{"embeddable":true,"href":"https:\/\/erankucuk.com\/index.php\/wp-json\/wp\/v2\/comments?post=2"}],"version-history":[{"count":2,"href":"https:\/\/erankucuk.com\/index.php\/wp-json\/wp\/v2\/pages\/2\/revisions"}],"predecessor-version":[{"id":9,"href":"https:\/\/erankucuk.com\/index.php\/wp-json\/wp\/v2\/pages\/2\/revisions\/9"}],"wp:attachment":[{"href":"https:\/\/erankucuk.com\/index.php\/wp-json\/wp\/v2\/media?parent=2"}],"curies":[{"name":"wp","href":"https:\/\/api.w.org\/{rel}","templated":true}]}}