{"id":10,"date":"2025-08-05T21:35:14","date_gmt":"2025-08-05T18:35:14","guid":{"rendered":"https:\/\/erankucuk.com\/?page_id=10"},"modified":"2025-08-05T21:35:14","modified_gmt":"2025-08-05T18:35:14","slug":"iletisim","status":"publish","type":"page","link":"https:\/\/erankucuk.com\/index.php\/iletisim\/","title":{"rendered":"\u0130leti\u015fim"},"content":{"rendered":"\n<p>E\u011fer konu\u015fmak ya da akl\u0131n\u0131zdakini sormak isterseniz bana erankucuk[at]gmail.com adresinden ula\u015fabilirsiniz.<\/p>\n\n\n\n<p>Ayr\u0131ca &#8220;Mail mi kald\u0131?&#8221; diyenler i\u00e7in, a\u015fa\u011f\u0131daki sosyal medya hesaplar\u0131m\u0131 da aktif bir bi\u00e7imde kullan\u0131yorum.<\/p>\n\n\n\n<div class=\"wp-block-buttons is-layout-flex wp-block-buttons-is-layout-flex\">\n<div class=\"wp-block-button\"><a class=\"wp-block-button__link wp-element-button\" href=\"https:\/\/www.linkedin.com\/in\/eran-k\u00fc\u00e7\u00fck-a81552121\">Linkedin<\/a><\/div>\n\n\n\n<div class=\"wp-block-button\"><a class=\"wp-block-button__link wp-element-button\" href=\"https:\/\/x.com\/AramdaJungle\">X\/Twitter<\/a><\/div>\n\n\n\n<div class=\"wp-block-button\"><a class=\"wp-block-button__link wp-element-button\" href=\"https:\/\/www.instagram.com\/erankucuk\">Instagram<\/a><\/div>\n<\/div>\n\n\n\n<div class=\"wp-block-buttons is-content-justification-center is-layout-flex wp-container-core-buttons-is-layout-a89b3969 wp-block-buttons-is-layout-flex\"><\/div>\n\n\n\n<p><\/p>\n","protected":false},"excerpt":{"rendered":"<p>E\u011fer konu\u015fmak ya da akl\u0131n\u0131zdakini sormak isterseniz bana erankucuk[at]gmail.com adresinden ula\u015fabilirsiniz. Ayr\u0131ca &#8220;Mail mi kald\u0131?&#8221; diyenler i\u00e7in, a\u015fa\u011f\u0131daki sosyal medya hesaplar\u0131m\u0131 da aktif bir bi\u00e7imde kullan\u0131yorum.<\/p>\n","protected":false},"author":1,"featured_media":0,"parent":0,"menu_order":0,"comment_status":"closed","ping_status":"closed","template":"","meta":{"footnotes":""},"class_list":["post-10","page","type-page","status-publish","hentry"],"_links":{"self":[{"href":"https:\/\/erankucuk.com\/index.php\/wp-json\/wp\/v2\/pages\/10","targetHints":{"allow":["GET"]}}],"collection":[{"href":"https:\/\/erankucuk.com\/index.php\/wp-json\/wp\/v2\/pages"}],"about":[{"href":"https:\/\/erankucuk.com\/index.php\/wp-json\/wp\/v2\/types\/page"}],"author":[{"embeddable":true,"href":"https:\/\/erankucuk.com\/index.php\/wp-json\/wp\/v2\/users\/1"}],"replies":[{"embeddable":true,"href":"https:\/\/erankucuk.com\/index.php\/wp-json\/wp\/v2\/comments?post=10"}],"version-history":[{"count":1,"href":"https:\/\/erankucuk.com\/index.php\/wp-json\/wp\/v2\/pages\/10\/revisions"}],"predecessor-version":[{"id":11,"href":"https:\/\/erankucuk.com\/index.php\/wp-json\/wp\/v2\/pages\/10\/revisions\/11"}],"wp:attachment":[{"href":"https:\/\/erankucuk.com\/index.php\/wp-json\/wp\/v2\/media?parent=10"}],"curies":[{"name":"wp","href":"https:\/\/api.w.org\/{rel}","templated":true}]}}